{"id":1000,"date":"2022-07-29T19:03:37","date_gmt":"2022-07-30T00:03:37","guid":{"rendered":"http:\/\/az-app-qas-webgc.azurewebsites.net\/?page_id=1000"},"modified":"2025-03-25T08:56:42","modified_gmt":"2025-03-25T13:56:42","slug":"laboratorio-de-metrologia","status":"publish","type":"page","link":"https:\/\/az-app-prod-webgascaribe.azurewebsites.net\/en\/laboratorio-de-metrologia\/","title":{"rendered":"Metrology Lab"},"content":{"rendered":"<p>[et_pb_section fb_built=&#8221;1&#8243; _builder_version=&#8221;4.17.6&#8243; _module_preset=&#8221;default&#8221; background_enable_color=&#8221;off&#8221; background_image=&#8221;\/wp-content\/uploads\/2022\/07\/Banner-1-2.jpg&#8221; height=&#8221;570px&#8221; custom_padding=&#8221;128px|||||&#8221; da_disable_devices=&#8221;off|off|off&#8221; global_colors_info=&#8221;{}&#8221; da_is_popup=&#8221;off&#8221; da_exit_intent=&#8221;off&#8221; da_has_close=&#8221;on&#8221; da_alt_close=&#8221;off&#8221; da_dark_close=&#8221;off&#8221; da_not_modal=&#8221;on&#8221; da_is_singular=&#8221;off&#8221; da_with_loader=&#8221;off&#8221; da_has_shadow=&#8221;on&#8221;][et_pb_row column_structure=&#8221;1_2,1_2&#8243; _builder_version=&#8221;4.18.0&#8243; _module_preset=&#8221;default&#8221; custom_margin=&#8221;|auto||137px||&#8221; custom_margin_tablet=&#8221;|||91px|false|false&#8221; custom_margin_phone=&#8221;-43px|||40px|false|false&#8221; custom_margin_last_edited=&#8221;on|tablet&#8221; global_colors_info=&#8221;{}&#8221;][et_pb_column type=&#8221;1_2&#8243; _builder_version=&#8221;4.17.6&#8243; _module_preset=&#8221;default&#8221; global_colors_info=&#8221;{}&#8221;][et_pb_text _builder_version=&#8221;4.20.2&#8243; _module_preset=&#8221;default&#8221; text_text_color=&#8221;#FFFFFF&#8221; header_text_color=&#8221;#FFFFFF&#8221; header_font_size=&#8221;38px&#8221; animation_style=&#8221;slide&#8221; animation_intensity_slide=&#8221;100%&#8221; global_colors_info=&#8221;{}&#8221;]<\/p>\n<h1>Laboratorio de Metrolog\u00eda<\/h1>\n<p>[\/et_pb_text][et_pb_text content_tablet=&#8221;<\/p>\n<p>Gases del Caribe E.S.P. cuenta con un laboratorio de metrolog\u00eda que<br \/>ofrece los servicios de calibraci\u00f3n en el \u00e1rea de volumen (Medidores<br \/>de Gas) y equipos en las magnitudes de presi\u00f3n, temperatura y<br \/>concentraci\u00f3n de gas.<\/p>\n<p>&#8221; content_phone=&#8221;<\/p>\n<p>Gases del Caribe E.S.P. cuenta con un laboratorio de metrolog\u00eda que ofrece los servicios de calibraci\u00f3n en el \u00e1rea de volumen (Medidores de Gas) y equipos en las magnitudes de presi\u00f3n, temperatura y concentraci\u00f3n de gas.<\/p>\n<p>&#8221; content_last_edited=&#8221;on|phone&#8221; _builder_version=&#8221;4.18.0&#8243; _module_preset=&#8221;default&#8221; text_text_color=&#8221;#FFFFFF&#8221; text_font_size=&#8221;13px&#8221; custom_margin=&#8221;-25px||||false|false&#8221; animation_style=&#8221;slide&#8221; animation_intensity_slide=&#8221;100%&#8221; text_orientation_tablet=&#8221;&#8221; text_orientation_phone=&#8221;justified&#8221; text_orientation_last_edited=&#8221;on|phone&#8221; global_colors_info=&#8221;{}&#8221;]<\/p>\n<p>Gases del Caribe E.S.P., cuenta con un laboratorio de metrolog\u00eda que<br \/>ofrece los servicios de calibraci\u00f3n en el \u00e1rea de volumen (medidores<br \/>de Gas) y equipos en las magnitudes de presi\u00f3n, temperatura y<br \/>concentraci\u00f3n de gas.<\/p>\n<p>[\/et_pb_text][\/et_pb_column][et_pb_column type=&#8221;1_2&#8243; _builder_version=&#8221;4.17.6&#8243; _module_preset=&#8221;default&#8221; global_colors_info=&#8221;{}&#8221;][\/et_pb_column][\/et_pb_row][\/et_pb_section][et_pb_section fb_built=&#8221;1&#8243; _builder_version=&#8221;4.18.0&#8243; _module_preset=&#8221;default&#8221; background_color=&#8221;RGBA(255,255,255,0)&#8221; background_image=&#8221;\/wp-content\/uploads\/2022\/08\/Metrologia-1.png&#8221; height=&#8221;730px&#8221; height_tablet=&#8221;700px&#8221; height_phone=&#8221;910px&#8221; height_last_edited=&#8221;on|phone&#8221; custom_margin=&#8221;-170px||||false|false&#8221; custom_margin_tablet=&#8221;-170px||||false|false&#8221; custom_margin_phone=&#8221;-220px||||false|false&#8221; custom_margin_last_edited=&#8221;on|phone&#8221; custom_padding=&#8221;||4px|||&#8221; da_disable_devices=&#8221;off|off|off&#8221; global_colors_info=&#8221;{}&#8221; da_is_popup=&#8221;off&#8221; da_exit_intent=&#8221;off&#8221; da_has_close=&#8221;on&#8221; da_alt_close=&#8221;off&#8221; da_dark_close=&#8221;off&#8221; da_not_modal=&#8221;on&#8221; da_is_singular=&#8221;off&#8221; da_with_loader=&#8221;off&#8221; da_has_shadow=&#8221;on&#8221;][et_pb_row _builder_version=&#8221;4.18.0&#8243; _module_preset=&#8221;default&#8221; width_tablet=&#8221;100%&#8221; width_phone=&#8221;100%&#8221; width_last_edited=&#8221;on|tablet&#8221; custom_margin=&#8221;174px|auto||auto||&#8221; global_colors_info=&#8221;{}&#8221;][et_pb_column type=&#8221;4_4&#8243; _builder_version=&#8221;4.17.6&#8243; _module_preset=&#8221;default&#8221; global_colors_info=&#8221;{}&#8221;][et_pb_text _builder_version=&#8221;4.23.1&#8243; _module_preset=&#8221;default&#8221; text_font=&#8221;|600|||||||&#8221; text_text_color=&#8221;#244B95&#8243; text_font_size=&#8221;40px&#8221; header_2_text_color=&#8221;#244B95&#8243; text_orientation=&#8221;center&#8221; animation_style=&#8221;slide&#8221; animation_direction=&#8221;bottom&#8221; animation_intensity_slide=&#8221;100%&#8221; text_line_height_tablet=&#8221;&#8221; text_line_height_phone=&#8221;1em&#8221; text_line_height_last_edited=&#8221;on|phone&#8221; global_colors_info=&#8221;{}&#8221;]<\/p>\n<h2><strong>Magnitud Volumen (medidores de gas):<\/strong><\/h2>\n<p>[\/et_pb_text][\/et_pb_column][\/et_pb_row][et_pb_row _builder_version=&#8221;4.27.4&#8243; _module_preset=&#8221;default&#8221; width_tablet=&#8221;100%&#8221; width_phone=&#8221;100%&#8221; width_last_edited=&#8221;on|desktop&#8221; custom_padding=&#8221;||2px|||&#8221; hover_enabled=&#8221;0&#8243; global_colors_info=&#8221;{}&#8221; custom_css_main_element_last_edited=&#8221;on|tablet&#8221; custom_css_main_element_tablet=&#8221;display: flex;||justify-content: center;||align-items:center;&#8221; custom_css_main_element_phone=&#8221;display:flex;||flex-direction: column;&#8221; sticky_enabled=&#8221;0&#8243; max_width=&#8221;491px&#8221; width=&#8221;79%&#8221;][et_pb_column type=&#8221;4_4&#8243; _builder_version=&#8221;4.17.6&#8243; _module_preset=&#8221;default&#8221; global_colors_info=&#8221;{}&#8221;][et_pb_image src=&#8221;\/wp-content\/uploads\/2025\/03\/o-1.png&#8221; alt=&#8221;Acreditaci\u00f3n ONAC Gases del Caribe&#8221; title_text=&#8221;o (1)&#8221; _builder_version=&#8221;4.27.4&#8243; _module_preset=&#8221;default&#8221; hover_enabled=&#8221;0&#8243; global_colors_info=&#8221;{}&#8221; sticky_enabled=&#8221;0&#8243; module_alignment=&#8221;center&#8221;][\/et_pb_image][\/et_pb_column][\/et_pb_row][\/et_pb_section][et_pb_section fb_built=&#8221;1&#8243; _builder_version=&#8221;4.23.1&#8243; _module_preset=&#8221;default&#8221; da_disable_devices=&#8221;off|off|off&#8221; global_colors_info=&#8221;{}&#8221; da_is_popup=&#8221;off&#8221; da_exit_intent=&#8221;off&#8221; da_has_close=&#8221;on&#8221; da_alt_close=&#8221;off&#8221; da_dark_close=&#8221;off&#8221; da_not_modal=&#8221;on&#8221; da_is_singular=&#8221;off&#8221; da_with_loader=&#8221;off&#8221; da_has_shadow=&#8221;on&#8221;][\/et_pb_section][et_pb_section fb_built=&#8221;1&#8243; prev_background_color=&#8221;#ffffff&#8221; next_background_color=&#8221;#efefef&#8221; _builder_version=&#8221;4.18.0&#8243; _module_preset=&#8221;default&#8221; background_color=&#8221;RGBA(255,255,255,0)&#8221; background_image=&#8221;\/wp-content\/uploads\/2022\/08\/Recurso-3-1.png&#8221; height=&#8221;510px&#8221; height_tablet=&#8221;510px&#8221; height_phone=&#8221;650px&#8221; height_last_edited=&#8221;on|phone&#8221; custom_margin=&#8221;-150px||||false|false&#8221; top_divider_style=&#8221;curve&#8221; top_divider_height=&#8221;50px&#8221; bottom_divider_style=&#8221;curve&#8221; bottom_divider_height=&#8221;50px&#8221; background_last_edited=&#8221;on|phone&#8221; background_position_tablet=&#8221;center_left&#8221; background_position_phone=&#8221;top_right&#8221; background_horizontal_offset_tablet=&#8221;43%&#8221; background_horizontal_offset_phone=&#8221;5%&#8221; da_disable_devices=&#8221;off|off|off&#8221; global_colors_info=&#8221;{}&#8221; da_is_popup=&#8221;off&#8221; da_exit_intent=&#8221;off&#8221; da_has_close=&#8221;on&#8221; da_alt_close=&#8221;off&#8221; da_dark_close=&#8221;off&#8221; da_not_modal=&#8221;on&#8221; da_is_singular=&#8221;off&#8221; da_with_loader=&#8221;off&#8221; da_has_shadow=&#8221;on&#8221;][et_pb_row column_structure=&#8221;1_2,1_2&#8243; use_custom_gutter=&#8221;on&#8221; _builder_version=&#8221;4.18.0&#8243; _module_preset=&#8221;default&#8221; width=&#8221;100%&#8221; max_width=&#8221;100%&#8221; custom_margin=&#8221;-3px|auto|35px|0px|false|false&#8221; custom_margin_tablet=&#8221;-3px|auto|35px|0px|false|false&#8221; custom_margin_phone=&#8221;40px||||false|false&#8221; custom_margin_last_edited=&#8221;on|phone&#8221; custom_padding=&#8221;|0px||0px|false|true&#8221; global_colors_info=&#8221;{}&#8221;][et_pb_column type=&#8221;1_2&#8243; _builder_version=&#8221;4.17.6&#8243; _module_preset=&#8221;default&#8221; global_colors_info=&#8221;{}&#8221;][\/et_pb_column][et_pb_column type=&#8221;1_2&#8243; _builder_version=&#8221;4.17.6&#8243; _module_preset=&#8221;default&#8221; global_colors_info=&#8221;{}&#8221;][et_pb_text _builder_version=&#8221;4.20.2&#8243; _module_preset=&#8221;default&#8221; text_font=&#8221;|300|||||||&#8221; text_text_color=&#8221;#FFFFFF&#8221; text_orientation=&#8221;justified&#8221; width=&#8221;59.6%&#8221; width_tablet=&#8221;370px&#8221; width_phone=&#8221;330px&#8221; width_last_edited=&#8221;on|tablet&#8221; custom_margin=&#8221;33px|||||&#8221; custom_margin_tablet=&#8221;33px|0px||350px|false|false&#8221; custom_margin_phone=&#8221;0px|0px|0px|40px|false|false&#8221; custom_margin_last_edited=&#8221;on|tablet&#8221; custom_padding=&#8221;||0px|0px||&#8221; animation_style=&#8221;slide&#8221; animation_direction=&#8221;bottom&#8221; animation_intensity_slide=&#8221;100%&#8221; global_colors_info=&#8221;{}&#8221;]<\/p>\n<p><span style=\"color: #ffffff;\">En Gases del Caribe S.A., empresa de servicios p\u00fablicos, contamos con acreditaci\u00f3n ONAC, vigente a la fecha, con c\u00f3digo de acreditaci\u00f3n 11-LAC-026, bajo la norma ISO\/IEC 17025:2017 en los siguientes servicios:<\/span><\/p>\n<ul>\n<li><span style=\"color: #ffffff;\">Calibraci\u00f3n de medidores de gas tipo diafragma desde 0,016m3\/h hasta 15 m<sup>3<\/sup>\/h, bajo la norma NTC 2728.<\/span><\/li>\n<li><span style=\"color: #ffffff;\">Calibraci\u00f3n de medidores de gas tipo rotatorio desde 1,0 m<sup>3<\/sup>\/h por\u00a0hasta 650 m<sup>3<\/sup>\/h, bajo la norma NTC 4136.<\/span><\/li>\n<\/ul>\n<p><strong><span style=\"color: #ffffff;\">Los medidores objeto de calibraci\u00f3n pueden ser de uso residencial, comercial e industrial, que utilizan mecanismos de diafragma, turbina o l\u00f3bulos.<\/span><\/strong><\/p>\n<p>[\/et_pb_text][\/et_pb_column][\/et_pb_row][\/et_pb_section][et_pb_section fb_built=&#8221;1&#8243; next_background_color=&#8221;#f4f4f4&#8243; _builder_version=&#8221;4.23.1&#8243; _module_preset=&#8221;default&#8221; background_color=&#8221;#efefef&#8221; background_enable_image=&#8221;off&#8221; height=&#8221;800px&#8221; custom_margin=&#8221;-90px||||false|false&#8221; bottom_divider_style=&#8221;curve&#8221; da_disable_devices=&#8221;off|off|off&#8221; global_colors_info=&#8221;{}&#8221; da_is_popup=&#8221;off&#8221; da_exit_intent=&#8221;off&#8221; da_has_close=&#8221;on&#8221; da_alt_close=&#8221;off&#8221; da_dark_close=&#8221;off&#8221; da_not_modal=&#8221;on&#8221; da_is_singular=&#8221;off&#8221; da_with_loader=&#8221;off&#8221; da_has_shadow=&#8221;on&#8221;][et_pb_row column_structure=&#8221;1_2,1_2&#8243; _builder_version=&#8221;4.18.0&#8243; _module_preset=&#8221;default&#8221; width_tablet=&#8221;100%&#8221; width_phone=&#8221;100%&#8221; width_last_edited=&#8221;on|tablet&#8221; custom_padding=&#8221;89px||28px|||&#8221; global_colors_info=&#8221;{}&#8221; custom_css_main_element_last_edited=&#8221;on|phone&#8221; custom_css_main_element_phone=&#8221;display: flex;||flex-direction: column;&#8221;][et_pb_column type=&#8221;1_2&#8243; _builder_version=&#8221;4.17.6&#8243; _module_preset=&#8221;default&#8221; global_colors_info=&#8221;{}&#8221;][et_pb_text _builder_version=&#8221;4.23.1&#8243; _module_preset=&#8221;default&#8221; text_font=&#8221;|800|||||||&#8221; text_text_color=&#8221;#244B95&#8243; text_font_size=&#8221;35px&#8221; header_3_font=&#8221;|700|||||||&#8221; header_3_text_color=&#8221;#244B95&#8243; header_3_font_size=&#8221;26px&#8221; custom_margin=&#8221;51px||3px|||&#8221; custom_margin_tablet=&#8221;51px||3px|40px|false|false&#8221; custom_margin_phone=&#8221;51px||3px|40px|false|false&#8221; custom_margin_last_edited=&#8221;on|tablet&#8221; custom_padding=&#8221;||13px|||&#8221; animation_style=&#8221;bounce&#8221; animation_direction=&#8221;bottom&#8221; global_colors_info=&#8221;{}&#8221;]<\/p>\n<h3>Otras Magnitudes:<\/h3>\n<p>[\/et_pb_text][et_pb_text content_tablet=&#8221;<\/p>\n<p><span style=%22color: #333333;%22>Adem\u00e1s de los servicios de calibraci\u00f3n acreditados que ofrece el laboratorio, tambi\u00e9n se prestan servicios de calibraci\u00f3n no acreditados con trazabilidad a laboratorios acreditados para los<br \/>siguientes equipos e instrumentos:<\/span><\/p>\n<p>&#8221; content_phone=&#8221;<\/p>\n<p><span style=%22color: #333333;%22>Adem\u00e1s de los servicios de calibraci\u00f3n acreditados que ofrece el laboratorio, tambi\u00e9n se prestan servicios de calibraci\u00f3n no acreditados con trazabilidad a laboratorios acreditados para los<br \/>siguientes equipos e instrumentos:<\/span><\/p>\n<p>&#8221; content_last_edited=&#8221;on|tablet&#8221; _builder_version=&#8221;4.18.0&#8243; _module_preset=&#8221;default&#8221; width_tablet=&#8221;650px&#8221; width_phone=&#8221;330px&#8221; width_last_edited=&#8221;on|tablet&#8221; custom_margin=&#8221;-19px||35px|||&#8221; custom_margin_tablet=&#8221;-19px||35px|40px|false|false&#8221; custom_margin_phone=&#8221;-19px||35px|40px|false|false&#8221; custom_margin_last_edited=&#8221;on|tablet&#8221; custom_padding=&#8221;0px||4px|||&#8221; animation_style=&#8221;slide&#8221; animation_direction=&#8221;bottom&#8221; animation_intensity_slide=&#8221;100%&#8221; text_orientation_tablet=&#8221;&#8221; text_orientation_phone=&#8221;justified&#8221; text_orientation_last_edited=&#8221;on|phone&#8221; global_colors_info=&#8221;{}&#8221;]<\/p>\n<p>&nbsp;<\/p>\n<p><span style=\"color: #333333;\">Adem\u00e1s de los servicios de calibraci\u00f3n acreditados que ofrece el laboratorio, tambi\u00e9n se prestan servicios de calibraci\u00f3n no acreditados con trazabilidad a laboratorios acreditados para los siguientes equipos e instrumentos:<\/span><\/p>\n<p>[\/et_pb_text][et_pb_text _builder_version=&#8221;4.18.0&#8243; _module_preset=&#8221;default&#8221; text_text_color=&#8221;#244B95&#8243; custom_margin_tablet=&#8221;|||40px|false|false&#8221; custom_margin_phone=&#8221;|||40px|false|false&#8221; custom_margin_last_edited=&#8221;on|tablet&#8221; global_colors_info=&#8221;{}&#8221;]<\/p>\n<ul>\n<li style=\"text-align: left;\"><span style=\"color: #000000;\">Medidores tipo turbina.<\/span><\/li>\n<li style=\"text-align: left;\"><span style=\"color: #000000;\">Detectores de gas CH4.<\/span><\/li>\n<li style=\"text-align: left;\"><span style=\"color: #000000;\">Detectores multigases.<\/span><\/li>\n<li style=\"text-align: left;\"><span style=\"color: #000000;\">Corrector electr\u00f3nico presi\u00f3n.<\/span><\/li>\n<li style=\"text-align: left;\"><span style=\"color: #000000;\">Man\u00f3metro de car\u00e1tula baja.<\/span><\/li>\n<li><span style=\"color: #000000;\">Man\u00f3metro de car\u00e1tula media-alta.<\/span><\/li>\n<li><span style=\"color: #000000;\">Man\u00f3metro digital.<\/span><\/li>\n<li><span style=\"color: #000000;\">Corrector electr\u00f3nico\u00a0temperatura.<\/span><\/li>\n<li><span style=\"color: #000000;\">Term\u00f3metro bimet\u00e1lico.<\/span><\/li>\n<li><span style=\"color: #000000;\">Planchas de termofusi\u00f3n.<\/span><span style=\"color: #333333;\"><\/span><\/li>\n<\/ul>\n<p>[\/et_pb_text][\/et_pb_column][et_pb_column type=&#8221;1_2&#8243; _builder_version=&#8221;4.18.0&#8243; _module_preset=&#8221;default&#8221; global_colors_info=&#8221;{}&#8221; custom_css_main_element_last_edited=&#8221;on|phone&#8221; custom_css_main_element_phone=&#8221;display: none;&#8221;][et_pb_image src=&#8221;\/wp-content\/uploads\/2022\/08\/Recurso-6-1.png&#8221; alt=&#8221;m\u00e1quina&#8221; title_text=&#8221;Equipos de Laboratorio&#8221; src_tablet=&#8221;\/wp-content\/uploads\/2022\/08\/Recurso-6-1.png&#8221; src_phone=&#8221;&#8221; src_last_edited=&#8221;on|phone&#8221; _builder_version=&#8221;4.23.1&#8243; _module_preset=&#8221;default&#8221; vertical_offset_tablet=&#8221;-334px&#8221; vertical_offset_phone=&#8221;-334px&#8221; vertical_offset_last_edited=&#8221;on|tablet&#8221; horizontal_offset_tablet=&#8221;348px&#8221; horizontal_offset_phone=&#8221;348px&#8221; horizontal_offset_last_edited=&#8221;on|tablet&#8221; position_origin_a_tablet=&#8221;&#8221; position_origin_a_phone=&#8221;&#8221; position_origin_a_last_edited=&#8221;on|tablet&#8221; position_origin_f_tablet=&#8221;&#8221; position_origin_f_phone=&#8221;&#8221; position_origin_f_last_edited=&#8221;on|tablet&#8221; position_origin_r_tablet=&#8221;&#8221; position_origin_r_phone=&#8221;&#8221; position_origin_r_last_edited=&#8221;on|tablet&#8221; width=&#8221;600px&#8221; width_tablet=&#8221;350px&#8221; width_phone=&#8221;350px&#8221; width_last_edited=&#8221;on|tablet&#8221; module_alignment=&#8221;center&#8221; custom_margin=&#8221;-3px|||||&#8221; custom_margin_tablet=&#8221;-3px|||||&#8221; custom_margin_phone=&#8221;-3px|||||&#8221; custom_margin_last_edited=&#8221;on|tablet&#8221; custom_padding=&#8221;9px||||false|false&#8221; custom_padding_tablet=&#8221;9px||||false|false&#8221; custom_padding_phone=&#8221;9px||||false|false&#8221; custom_padding_last_edited=&#8221;on|tablet&#8221; animation_style=&#8221;fade&#8221; animation_delay=&#8221;950ms&#8221; positioning_tablet=&#8221;absolute&#8221; positioning_phone=&#8221;relative&#8221; positioning_last_edited=&#8221;on|tablet&#8221; z_index_tablet=&#8221;100&#8243; z_index_phone=&#8221;100&#8243; z_index_last_edited=&#8221;on|tablet&#8221; global_colors_info=&#8221;{}&#8221;][\/et_pb_image][\/et_pb_column][\/et_pb_row][\/et_pb_section][et_pb_section fb_built=&#8221;1&#8243; _builder_version=&#8221;4.18.0&#8243; _module_preset=&#8221;default&#8221; background_color=&#8221;#f4f4f4&#8243; height=&#8221;550px&#8221; height_tablet=&#8221;800px&#8221; height_phone=&#8221;1000px&#8221; height_last_edited=&#8221;on|tablet&#8221; da_disable_devices=&#8221;off|off|off&#8221; global_colors_info=&#8221;{}&#8221; da_is_popup=&#8221;off&#8221; da_exit_intent=&#8221;off&#8221; da_has_close=&#8221;on&#8221; da_alt_close=&#8221;off&#8221; da_dark_close=&#8221;off&#8221; da_not_modal=&#8221;on&#8221; da_is_singular=&#8221;off&#8221; da_with_loader=&#8221;off&#8221; da_has_shadow=&#8221;on&#8221;][et_pb_row _builder_version=&#8221;4.18.0&#8243; _module_preset=&#8221;default&#8221; global_colors_info=&#8221;{}&#8221;][et_pb_column type=&#8221;4_4&#8243; _builder_version=&#8221;4.17.6&#8243; _module_preset=&#8221;default&#8221; custom_css_main_element=&#8221;display: flex;||justify-content: center;&#8221; global_colors_info=&#8221;{}&#8221; custom_css_main_element__hover_enabled=&#8221;on|desktop&#8221; custom_css_main_element__hover=&#8221;display: flex;||justify-content: center;&#8221;][et_pb_text _builder_version=&#8221;4.17.6&#8243; _module_preset=&#8221;default&#8221; text_orientation=&#8221;justified&#8221; width=&#8221;82.8%&#8221; animation_style=&#8221;zoom&#8221; animation_intensity_zoom=&#8221;100%&#8221; global_colors_info=&#8221;{}&#8221;]<\/p>\n<p><span style=\"color: #000000;\">El laboratorio de metrolog\u00eda de Gases del Caribe E.S.P., busca el cumplimiento de los altos niveles de calidad, imparcialidad, exactitud e integridad en sus servicios para garantizar su confiabilidad, con el objetivo de lograr la satisfacci\u00f3n del cliente. Conscientes de que nuestro principal compromiso es con nuestros clientes y con la comunidad, contamos con una amplia infraestructura f\u00edsica, trazabilidad metrol\u00f3gica de los patrones e instrumentos utilizados en los procedimientos de calibraci\u00f3n y un personal altamente capacitado y comprometido.<\/span><\/p>\n<p><span style=\"color: #244b95;\"><strong>El proceso para tratamiento de quejas por parte del laboratorio de metrolog\u00eda de Gases del Caribe S.A. E.S.P, puede ser consultado en el siguiente bot\u00f3n.<\/strong><\/span><\/p>\n<p>[\/et_pb_text][\/et_pb_column][\/et_pb_row][et_pb_row column_structure=&#8221;1_2,1_2&#8243; _builder_version=&#8221;4.18.0&#8243; _module_preset=&#8221;default&#8221; global_colors_info=&#8221;{}&#8221; custom_css_main_element_last_edited=&#8221;on|tablet&#8221; custom_css_main_element_tablet=&#8221;display: flex;&#8221; custom_css_main_element_phone=&#8221;display: flex;||flex-direction: column;&#8221;][et_pb_column type=&#8221;1_2&#8243; _builder_version=&#8221;4.17.6&#8243; _module_preset=&#8221;default&#8221; global_colors_info=&#8221;{}&#8221;][et_pb_button button_url=&#8221;https:\/\/gascaribe.com\/wp-content\/uploads\/2024\/01\/Quejas-flujograma-Lab.png&#8221; url_new_window=&#8221;on&#8221; button_text=&#8221;Tratamiento de quejas&#8221; button_alignment=&#8221;right&#8221; button_alignment_tablet=&#8221;center&#8221; button_alignment_phone=&#8221;center&#8221; button_alignment_last_edited=&#8221;on|tablet&#8221; _builder_version=&#8221;4.23.1&#8243; _module_preset=&#8221;default&#8221; custom_button=&#8221;on&#8221; button_text_size=&#8221;15px&#8221; button_text_color=&#8221;#FFFFFF&#8221; button_bg_color=&#8221;#244B95&#8243; button_border_color=&#8221;RGBA(255,255,255,0)&#8221; button_border_radius=&#8221;5px&#8221; button_use_icon=&#8221;off&#8221; custom_padding_tablet=&#8221;&#8221; custom_padding_phone=&#8221;|30px||30px|false|true&#8221; custom_padding_last_edited=&#8221;on|phone&#8221; animation_style=&#8221;slide&#8221; animation_direction=&#8221;left&#8221; animation_intensity_slide=&#8221;100%&#8221; global_colors_info=&#8221;{}&#8221;][\/et_pb_button][\/et_pb_column][et_pb_column type=&#8221;1_2&#8243; _builder_version=&#8221;4.17.6&#8243; _module_preset=&#8221;default&#8221; global_colors_info=&#8221;{}&#8221;][et_pb_button button_url=&#8221;https:\/\/gascaribe.com\/wp-content\/uploads\/2025\/02\/ISO-17025-2017-DEL-2024-12-23.pdf&#8221; url_new_window=&#8221;on&#8221; button_text=&#8221;Certificado de acreditaci\u00f3n&#8221; button_alignment_tablet=&#8221;center&#8221; button_alignment_phone=&#8221;center&#8221; button_alignment_last_edited=&#8221;on|tablet&#8221; _builder_version=&#8221;4.23.1&#8243; _module_preset=&#8221;default&#8221; custom_button=&#8221;on&#8221; button_text_size=&#8221;15px&#8221; button_text_color=&#8221;#FFFFFF&#8221; button_bg_color=&#8221;#244B95&#8243; button_border_color=&#8221;RGBA(255,255,255,0)&#8221; button_border_radius=&#8221;5px&#8221; button_use_icon=&#8221;off&#8221; animation_style=&#8221;slide&#8221; animation_direction=&#8221;right&#8221; animation_intensity_slide=&#8221;100%&#8221; global_colors_info=&#8221;{}&#8221;][\/et_pb_button][\/et_pb_column][\/et_pb_row][\/et_pb_section][et_pb_section fb_built=&#8221;1&#8243; _builder_version=&#8221;4.18.0&#8243; _module_preset=&#8221;default&#8221; background_color=&#8221;RGBA(255,255,255,0)&#8221; background_image=&#8221;\/wp-content\/uploads\/2022\/08\/Home-7.png&#8221; background_size=&#8221;stretch&#8221; height=&#8221;170px&#8221; custom_margin=&#8221;-200px||||false|false&#8221; background_last_edited=&#8221;on|phone&#8221; background_size_phone=&#8221;cover&#8221; da_disable_devices=&#8221;off|off|off&#8221; global_colors_info=&#8221;{}&#8221; da_is_popup=&#8221;off&#8221; da_exit_intent=&#8221;off&#8221; da_has_close=&#8221;on&#8221; da_alt_close=&#8221;off&#8221; da_dark_close=&#8221;off&#8221; da_not_modal=&#8221;on&#8221; da_is_singular=&#8221;off&#8221; da_with_loader=&#8221;off&#8221; da_has_shadow=&#8221;on&#8221;][\/et_pb_section]<\/p>\n","protected":false},"excerpt":{"rendered":"<p>Laboratorio de Metrolog\u00edaGases del Caribe E.S.P., cuenta con un laboratorio de metrolog\u00eda queofrece los servicios de calibraci\u00f3n en el \u00e1rea de volumen (medidoresde Gas) y equipos en las magnitudes de presi\u00f3n, temperatura yconcentraci\u00f3n de gas.Magnitud Volumen (medidores de gas):En Gases del Caribe S.A., empresa de servicios p\u00fablicos, contamos con acreditaci\u00f3n ONAC, vigente a la fecha, [&hellip;]<\/p>\n","protected":false},"author":1,"featured_media":0,"parent":0,"menu_order":0,"comment_status":"closed","ping_status":"closed","template":"","meta":{"_et_pb_use_builder":"on","_et_pb_old_content":"","_et_gb_content_width":"","footnotes":""},"ppma_author":[50],"class_list":["post-1000","page","type-page","status-publish","hentry"],"publishpress_future_action":{"enabled":false,"date":"2026-04-29 03:53:19","action":"change-status","newStatus":"draft","terms":[],"taxonomy":"author","extraData":[]},"publishpress_future_workflow_manual_trigger":{"enabledWorkflows":[]},"_links":{"self":[{"href":"https:\/\/az-app-prod-webgascaribe.azurewebsites.net\/en\/wp-json\/wp\/v2\/pages\/1000","targetHints":{"allow":["GET"]}}],"collection":[{"href":"https:\/\/az-app-prod-webgascaribe.azurewebsites.net\/en\/wp-json\/wp\/v2\/pages"}],"about":[{"href":"https:\/\/az-app-prod-webgascaribe.azurewebsites.net\/en\/wp-json\/wp\/v2\/types\/page"}],"author":[{"embeddable":true,"href":"https:\/\/az-app-prod-webgascaribe.azurewebsites.net\/en\/wp-json\/wp\/v2\/users\/1"}],"replies":[{"embeddable":true,"href":"https:\/\/az-app-prod-webgascaribe.azurewebsites.net\/en\/wp-json\/wp\/v2\/comments?post=1000"}],"version-history":[{"count":41,"href":"https:\/\/az-app-prod-webgascaribe.azurewebsites.net\/en\/wp-json\/wp\/v2\/pages\/1000\/revisions"}],"predecessor-version":[{"id":36932,"href":"https:\/\/az-app-prod-webgascaribe.azurewebsites.net\/en\/wp-json\/wp\/v2\/pages\/1000\/revisions\/36932"}],"wp:attachment":[{"href":"https:\/\/az-app-prod-webgascaribe.azurewebsites.net\/en\/wp-json\/wp\/v2\/media?parent=1000"}],"wp:term":[{"taxonomy":"author","embeddable":true,"href":"https:\/\/az-app-prod-webgascaribe.azurewebsites.net\/en\/wp-json\/wp\/v2\/ppma_author?post=1000"}],"curies":[{"name":"wp","href":"https:\/\/api.w.org\/{rel}","templated":true}]}}