{"id":1480,"date":"2022-08-16T15:43:05","date_gmt":"2022-08-16T20:43:05","guid":{"rendered":"http:\/\/az-app-qas-webgc.azurewebsites.net\/?page_id=1480"},"modified":"2025-01-07T12:18:04","modified_gmt":"2025-01-07T17:18:04","slug":"notificaciones-y-edictos","status":"publish","type":"page","link":"https:\/\/az-app-prod-webgascaribe.azurewebsites.net\/en\/notificaciones-y-edictos\/","title":{"rendered":"Notifications and Edicts"},"content":{"rendered":"<p>[et_pb_section fb_built=&#8221;1&#8243; _builder_version=&#8221;4.17.6&#8243; _module_preset=&#8221;default&#8221; background_color=&#8221;#FFFFFF&#8221; background_image=&#8221;\/wp-content\/uploads\/2022\/08\/Banner-7.jpg&#8221; height=&#8221;500px&#8221; custom_padding=&#8221;70px|||||&#8221; da_disable_devices=&#8221;off|off|off&#8221; global_colors_info=&#8221;{}&#8221; da_is_popup=&#8221;off&#8221; da_exit_intent=&#8221;off&#8221; da_has_close=&#8221;on&#8221; da_alt_close=&#8221;off&#8221; da_dark_close=&#8221;off&#8221; da_not_modal=&#8221;on&#8221; da_is_singular=&#8221;off&#8221; da_with_loader=&#8221;off&#8221; da_has_shadow=&#8221;on&#8221;][et_pb_row column_structure=&#8221;1_2,1_2&#8243; _builder_version=&#8221;4.17.6&#8243; _module_preset=&#8221;default&#8221; global_colors_info=&#8221;{}&#8221;][et_pb_column type=&#8221;1_2&#8243; _builder_version=&#8221;4.17.6&#8243; _module_preset=&#8221;default&#8221; global_colors_info=&#8221;{}&#8221;][et_pb_text _builder_version=&#8221;4.19.1&#8243; _module_preset=&#8221;default&#8221; text_text_color=&#8221;#FFFFFF&#8221; text_font_size=&#8221;15px&#8221; header_text_color=&#8221;#FFFFFF&#8221; header_font_size=&#8221;35px&#8221; global_colors_info=&#8221;{}&#8221;]<\/p>\n<h1>Notificaciones y Edictos<\/h1>\n<p>[\/et_pb_text][\/et_pb_column][et_pb_column type=&#8221;1_2&#8243; _builder_version=&#8221;4.17.6&#8243; _module_preset=&#8221;default&#8221; global_colors_info=&#8221;{}&#8221;][\/et_pb_column][\/et_pb_row][\/et_pb_section][et_pb_section fb_built=&#8221;1&#8243; _builder_version=&#8221;4.23.1&#8243; _module_preset=&#8221;default&#8221; background_color=&#8221;RGBA(255,255,255,0)&#8221; background_image=&#8221;\/wp-content\/uploads\/2022\/08\/Home-4-1.png&#8221; height_tablet=&#8221;auto&#8221; height_phone=&#8221;auto&#8221; height_last_edited=&#8221;on|tablet&#8221; custom_margin=&#8221;-330px||||false|false&#8221; da_disable_devices=&#8221;off|off|off&#8221; global_colors_info=&#8221;{}&#8221; da_is_popup=&#8221;off&#8221; da_exit_intent=&#8221;off&#8221; da_has_close=&#8221;on&#8221; da_alt_close=&#8221;off&#8221; da_dark_close=&#8221;off&#8221; da_not_modal=&#8221;on&#8221; da_is_singular=&#8221;off&#8221; da_with_loader=&#8221;off&#8221; da_has_shadow=&#8221;on&#8221;][et_pb_row admin_label=&#8221;Row&#8221; _builder_version=&#8221;4.23.1&#8243; _module_preset=&#8221;default&#8221; custom_margin=&#8221;300px|auto||auto||&#8221; global_colors_info=&#8221;{}&#8221;][et_pb_column type=&#8221;4_4&#8243; _builder_version=&#8221;4.20.0&#8243; _module_preset=&#8221;default&#8221; global_colors_info=&#8221;{}&#8221;][et_pb_text _builder_version=&#8221;4.23.1&#8243; _module_preset=&#8221;default&#8221; global_colors_info=&#8221;{}&#8221;]<\/p>\n<h2><strong>Encuentre toda la informaci\u00f3n de las Notificaciones y Edictos de ley publicados.<\/strong><\/h2>\n<p>&nbsp;<\/p>\n<p>Escriba en el siguiente campo de b\u00fasqueda el<span>\u00a0<\/span><strong>n\u00famero de contrato<\/strong><span>\u00a0<\/span>que desea consultar y haga clic en el bot\u00f3n<span>\u00a0<\/span><strong>Buscar<\/strong>. A continuaci\u00f3n se cargar\u00e1 la p\u00e1gina con los resultados vigentes publicados a la fecha.<\/p>\n<form id='wpes-form-32016' role=\"search\" method=\"get\" class=\"search-form \" action=\"https:\/\/az-app-prod-webgascaribe.azurewebsites.net\/en\/\">\n\t\t<label>\n\t\t    <span class=\"screen-reader-text\">Search for:<\/span>\n\t\t    <input type=\"search\" class=\"search-field \" placeholder=\"Search &hellip;\" value=\"\" name=\"s\" \/>\n\t\t<\/label>\n\t\t<input type=\"submit\" class=\"search-submit \" value=\"Search\" \/><input type='hidden' value='32016' name='wpessid' \/><\/form>\n<p>&nbsp;<\/p>\n<p>[\/et_pb_text][\/et_pb_column][\/et_pb_row][et_pb_row _builder_version=&#8221;4.20.0&#8243; _module_preset=&#8221;default&#8221; height=&#8221;400px&#8221; global_colors_info=&#8221;{}&#8221;][et_pb_column type=&#8221;4_4&#8243; _builder_version=&#8221;4.20.0&#8243; _module_preset=&#8221;default&#8221; global_colors_info=&#8221;{}&#8221;][\/et_pb_column][\/et_pb_row][\/et_pb_section][et_pb_section fb_built=&#8221;1&#8243; _builder_version=&#8221;4.17.6&#8243; _module_preset=&#8221;default&#8221; background_color=&#8221;RGBA(255,255,255,0)&#8221; background_image=&#8221;\/wp-content\/uploads\/2022\/08\/Home-7-e1660165492952.png&#8221; height=&#8221;200px&#8221; custom_margin=&#8221;-312px||||false|false&#8221; da_disable_devices=&#8221;off|off|off&#8221; global_colors_info=&#8221;{}&#8221; da_is_popup=&#8221;off&#8221; da_exit_intent=&#8221;off&#8221; da_has_close=&#8221;on&#8221; da_alt_close=&#8221;off&#8221; da_dark_close=&#8221;off&#8221; da_not_modal=&#8221;on&#8221; da_is_singular=&#8221;off&#8221; da_with_loader=&#8221;off&#8221; da_has_shadow=&#8221;on&#8221;][\/et_pb_section]<\/p>\n","protected":false},"excerpt":{"rendered":"<p>Notificaciones y EdictosEncuentre toda la informaci\u00f3n de las Notificaciones y Edictos de ley publicados. &nbsp; Escriba en el siguiente campo de b\u00fasqueda el\u00a0n\u00famero de contrato\u00a0que desea consultar y haga clic en el bot\u00f3n\u00a0Buscar. A continuaci\u00f3n se cargar\u00e1 la p\u00e1gina con los resultados vigentes publicados a la fecha. <form id='wpes-form-32016' role=\"search\" method=\"get\" class=\"search-form\" action=\"https:\/\/az-app-prod-webgascaribe.azurewebsites.net\/en\/\" data-trp-original-action=\"https:\/\/az-app-prod-webgascaribe.azurewebsites.net\/en\/\">\n\t\t<label>\n\t\t    <span class=\"screen-reader-text\">Search for:<\/span>\n\t\t    <input type=\"search\" class=\"search-field\" placeholder=\"Search &hellip;\" value=\"\" name=\"s\" \/>\n\t\t<\/label>\n\t\t<input type=\"submit\" class=\"search-submit\" value=\"Search\" \/><input type='hidden' value='32016' name='wpessid' \/><input type=\"hidden\" name=\"trp-form-language\" value=\"en\"\/><\/form> &nbsp;<\/p>","protected":false},"author":1,"featured_media":0,"parent":0,"menu_order":0,"comment_status":"closed","ping_status":"closed","template":"","meta":{"_et_pb_use_builder":"on","_et_pb_old_content":"","_et_gb_content_width":"","footnotes":""},"ppma_author":[50],"class_list":["post-1480","page","type-page","status-publish","hentry"],"publishpress_future_action":{"enabled":false,"date":"2026-04-29 03:48:20","action":"change-status","newStatus":"draft","terms":[],"taxonomy":"author","extraData":[]},"publishpress_future_workflow_manual_trigger":{"enabledWorkflows":[]},"_links":{"self":[{"href":"https:\/\/az-app-prod-webgascaribe.azurewebsites.net\/en\/wp-json\/wp\/v2\/pages\/1480","targetHints":{"allow":["GET"]}}],"collection":[{"href":"https:\/\/az-app-prod-webgascaribe.azurewebsites.net\/en\/wp-json\/wp\/v2\/pages"}],"about":[{"href":"https:\/\/az-app-prod-webgascaribe.azurewebsites.net\/en\/wp-json\/wp\/v2\/types\/page"}],"author":[{"embeddable":true,"href":"https:\/\/az-app-prod-webgascaribe.azurewebsites.net\/en\/wp-json\/wp\/v2\/users\/1"}],"replies":[{"embeddable":true,"href":"https:\/\/az-app-prod-webgascaribe.azurewebsites.net\/en\/wp-json\/wp\/v2\/comments?post=1480"}],"version-history":[{"count":54,"href":"https:\/\/az-app-prod-webgascaribe.azurewebsites.net\/en\/wp-json\/wp\/v2\/pages\/1480\/revisions"}],"predecessor-version":[{"id":32042,"href":"https:\/\/az-app-prod-webgascaribe.azurewebsites.net\/en\/wp-json\/wp\/v2\/pages\/1480\/revisions\/32042"}],"wp:attachment":[{"href":"https:\/\/az-app-prod-webgascaribe.azurewebsites.net\/en\/wp-json\/wp\/v2\/media?parent=1480"}],"wp:term":[{"taxonomy":"author","embeddable":true,"href":"https:\/\/az-app-prod-webgascaribe.azurewebsites.net\/en\/wp-json\/wp\/v2\/ppma_author?post=1480"}],"curies":[{"name":"wp","href":"https:\/\/api.w.org\/{rel}","templated":true}]}}