{"id":26414,"date":"2024-08-29T12:37:52","date_gmt":"2024-08-29T17:37:52","guid":{"rendered":"https:\/\/gascaribe.com\/?page_id=26414"},"modified":"2025-07-07T16:09:54","modified_gmt":"2025-07-07T21:09:54","slug":"directorio-aliados-de-cobranza","status":"publish","type":"page","link":"https:\/\/az-app-prod-webgascaribe.azurewebsites.net\/en\/directorio-aliados-de-cobranza\/","title":{"rendered":"Directorio aliados de cobranza"},"content":{"rendered":"<p>[et_pb_section fb_built=&#8221;1&#8243; admin_label=&#8221;Section&#8221; _builder_version=&#8221;4.23.1&#8243; _module_preset=&#8221;default&#8221; background_color=&#8221;#0F233E&#8221; use_background_color_gradient=&#8221;on&#8221; background_color_gradient_direction=&#8221;90deg&#8221; background_color_gradient_stops=&#8221;#0f233e 41%|rgba(15,35,62,0.29) 100%&#8221; background_color_gradient_overlays_image=&#8221;on&#8221; background_image=&#8221;\/wp-content\/uploads\/2024\/05\/Banner-principal-proveedores-gasess-del-caribe-1.jpg&#8221; custom_padding=&#8221;50px||50px||true|false&#8221; bottom_divider_style=&#8221;wave&#8221; bottom_divider_color=&#8221;#fafafa&#8221; bottom_divider_height=&#8221;120px&#8221; bottom_divider_flip=&#8221;vertical|horizontal&#8221; da_disable_devices=&#8221;off|off|off&#8221; global_colors_info=&#8221;{}&#8221; da_is_popup=&#8221;off&#8221; da_exit_intent=&#8221;off&#8221; da_has_close=&#8221;on&#8221; da_alt_close=&#8221;off&#8221; da_dark_close=&#8221;off&#8221; da_not_modal=&#8221;on&#8221; da_is_singular=&#8221;off&#8221; da_with_loader=&#8221;off&#8221; da_has_shadow=&#8221;on&#8221;][et_pb_row column_structure=&#8221;2_3,1_3&#8243; _builder_version=&#8221;4.23.1&#8243; _module_preset=&#8221;default&#8221; width=&#8221;90%&#8221; max_width=&#8221;100%&#8221; custom_margin=&#8221;0px|auto||auto|false|false&#8221; custom_padding=&#8221;86px||86px||true|false&#8221; animation_direction=&#8221;bottom&#8221; global_colors_info=&#8221;{}&#8221;][et_pb_column type=&#8221;2_3&#8243; _builder_version=&#8221;4.17.6&#8243; _module_preset=&#8221;default&#8221; global_colors_info=&#8221;{}&#8221;][et_pb_text _builder_version=&#8221;4.23.1&#8243; _module_preset=&#8221;default&#8221; text_font=&#8221;|800|||||||&#8221; text_text_color=&#8221;#FFFFFF&#8221; text_font_size=&#8221;40px&#8221; header_font=&#8221;|700|||||||&#8221; header_text_color=&#8221;#FFFFFF&#8221; header_font_size=&#8221;35px&#8221; custom_margin=&#8221;25px||||false|false&#8221; animation_style=&#8221;slide&#8221; animation_direction=&#8221;bottom&#8221; animation_intensity_slide=&#8221;100%&#8221; global_colors_info=&#8221;{}&#8221;]<\/p>\n<h1>Directorio aliados de cobranza<\/h1>\n<p>[\/et_pb_text][et_pb_text _builder_version=&#8221;4.23.1&#8243; _module_preset=&#8221;default&#8221; text_font=&#8221;|300|||||||&#8221; text_text_color=&#8221;#FFFFFF&#8221; text_font_size=&#8221;20px&#8221; custom_margin=&#8221;0px||||false|false&#8221; custom_padding=&#8221;25px||30px||false|false&#8221; animation_style=&#8221;slide&#8221; animation_direction=&#8221;bottom&#8221; animation_delay=&#8221;550ms&#8221; animation_intensity_slide=&#8221;100%&#8221; global_colors_info=&#8221;{}&#8221;]Se\u00f1or usuario, en esta pagina puede encontrar informaci\u00f3n de nuestros gestores de cobranza autorizados para contactarlo.[\/et_pb_text][\/et_pb_column][et_pb_column type=&#8221;1_3&#8243; _builder_version=&#8221;4.17.6&#8243; _module_preset=&#8221;default&#8221; global_colors_info=&#8221;{}&#8221;][\/et_pb_column][\/et_pb_row][\/et_pb_section][et_pb_section fb_built=&#8221;1&#8243; next_background_color=&#8221;#ffffff&#8221; admin_label=&#8221;Section&#8221; _builder_version=&#8221;4.23.1&#8243; _module_preset=&#8221;default&#8221; background_color=&#8221;#fafafa&#8221; background_image=&#8221;\/wp-content\/uploads\/2022\/08\/new-hom.png&#8221; background_position=&#8221;top_center&#8221; background_vertical_offset=&#8221;-23%&#8221; height_tablet=&#8221;1880px&#8221; height_phone=&#8221;1650px&#8221; height_last_edited=&#8221;on|tablet&#8221; custom_margin=&#8221;-25px||||false|false&#8221; custom_padding=&#8221;1px||100px|7px|false|false&#8221; top_divider_color=&#8221;#0f233e&#8221; bottom_divider_style=&#8221;wave&#8221; da_disable_devices=&#8221;off|off|off&#8221; saved_tabs=&#8221;all&#8221; global_colors_info=&#8221;{}&#8221; da_is_popup=&#8221;off&#8221; da_exit_intent=&#8221;off&#8221; da_has_close=&#8221;on&#8221; da_alt_close=&#8221;off&#8221; da_dark_close=&#8221;off&#8221; da_not_modal=&#8221;on&#8221; da_is_singular=&#8221;off&#8221; da_with_loader=&#8221;off&#8221; da_has_shadow=&#8221;on&#8221;][et_pb_row _builder_version=&#8221;4.18.0&#8243; _module_preset=&#8221;default&#8221; custom_margin=&#8221;32px|auto||auto|false|false&#8221; custom_margin_tablet=&#8221;&#8221; custom_margin_phone=&#8221;&#8221; custom_margin_last_edited=&#8221;on|desktop&#8221; custom_padding=&#8221;12px|||||&#8221; global_colors_info=&#8221;{}&#8221;][et_pb_column type=&#8221;4_4&#8243; _builder_version=&#8221;4.18.0&#8243; _module_preset=&#8221;default&#8221; global_colors_info=&#8221;{}&#8221;][et_pb_text _builder_version=&#8221;4.23.1&#8243; _module_preset=&#8221;default&#8221; text_font=&#8221;|300|||||||&#8221; text_text_color=&#8221;#1D1E1B&#8221; text_font_size=&#8221;25px&#8221; header_3_font_size=&#8221;30px&#8221; text_orientation=&#8221;center&#8221; animation_style=&#8221;slide&#8221; animation_delay=&#8221;2000ms&#8221; animation_intensity_slide=&#8221;100%&#8221; global_colors_info=&#8221;{}&#8221;]<\/p>\n<h2>Directorio aliados de cobranza<\/h2>\n<p>[\/et_pb_text][\/et_pb_column][\/et_pb_row][et_pb_row column_structure=&#8221;1_6,1_6,1_6,1_6,1_6,1_6&#8243; _builder_version=&#8221;4.23.1&#8243; _module_preset=&#8221;default&#8221; global_colors_info=&#8221;{}&#8221;][et_pb_column type=&#8221;1_6&#8243; _builder_version=&#8221;4.18.0&#8243; _module_preset=&#8221;default&#8221; animation_style=&#8221;slide&#8221; animation_delay=&#8221;2300ms&#8221; animation_intensity_slide=&#8221;100%&#8221; global_colors_info=&#8221;{}&#8221;][et_pb_image src=&#8221;\/wp-content\/uploads\/2025\/04\/LOGO-NEXA-PNG-NEGRO.png&#8221; alt=&#8221;Superintendencia de industria y comercio&#8221; title_text=&#8221;LOGO NEXA PNG NEGRO&#8221; _builder_version=&#8221;4.27.4&#8243; _module_preset=&#8221;default&#8221; background_color=&#8221;#FFFFFF&#8221; width=&#8221;150px&#8221; width_tablet=&#8221;400px&#8221; width_phone=&#8221;300px&#8221; width_last_edited=&#8221;on|tablet&#8221; global_colors_info=&#8221;{}&#8221;][\/et_pb_image][et_pb_text _builder_version=&#8221;4.27.4&#8243; _module_preset=&#8221;default&#8221; locked=&#8221;off&#8221; global_colors_info=&#8221;{}&#8221;]<\/p>\n<h3>NEXA<\/h3>\n<p><strong>Raz\u00f3n social:<\/strong><br \/>VENTAS Y SERVICIOS S.A.<\/p>\n<p><strong>NIT:<\/strong><br \/>860.050.420-4<\/p>\n<p><strong>Direcci\u00f3n:<\/strong><br \/>Carrera 22 # 168-84,<br \/>Bogot\u00e1 D.C<\/p>\n<p><strong>Tel\u00e9fono:<\/strong><br \/>+57 (601) 7420800<\/p>\n<p>[\/et_pb_text][et_pb_text _builder_version=&#8221;4.23.1&#8243; _module_preset=&#8221;default&#8221; global_colors_info=&#8221;{}&#8221;][\/et_pb_text][\/et_pb_column][et_pb_column _builder_version=&#8221;4.27.4&#8243; _module_preset=&#8221;default&#8221; type=&#8221;1_6&#8243;][\/et_pb_column][et_pb_column _builder_version=&#8221;4.27.4&#8243; _module_preset=&#8221;default&#8221; type=&#8221;1_6&#8243;][et_pb_image src=&#8221;\/wp-content\/uploads\/2024\/08\/Logo-Aecsa-1.jpg&#8221; alt=&#8221;Superservicios&#8221; title_text=&#8221;Logo Aecsa 1&#8243; _builder_version=&#8221;4.23.1&#8243; _module_preset=&#8221;default&#8221; background_color=&#8221;#FFFFFF&#8221; width=&#8221;150px&#8221; width_tablet=&#8221;400px&#8221; width_phone=&#8221;300px&#8221; width_last_edited=&#8221;on|tablet&#8221; global_colors_info=&#8221;{}&#8221;][\/et_pb_image][et_pb_text _builder_version=&#8221;4.23.1&#8243; _module_preset=&#8221;default&#8221; locked=&#8221;off&#8221; global_colors_info=&#8221;{}&#8221;]<\/p>\n<h3>AECSA<\/h3>\n<p><strong>Raz\u00f3n social:<\/strong><br \/>AECSA S.A.S.<\/p>\n<p><strong>NIT:<\/strong><br \/>830.059.718-5<\/p>\n<p><strong>Direcci\u00f3n:<\/strong><br \/>Av. de las Am\u00e9ricas No. 46-41,<br \/>Bogot\u00e1 D.C.<\/p>\n<p><strong>Tel\u00e9fono:<\/strong><br \/>+57 (601) 742 0719)<\/p>\n<p>[\/et_pb_text][\/et_pb_column][et_pb_column _builder_version=&#8221;4.27.4&#8243; _module_preset=&#8221;default&#8221; type=&#8221;1_6&#8243;][\/et_pb_column][et_pb_column type=&#8221;1_6&#8243; _builder_version=&#8221;4.18.0&#8243; _module_preset=&#8221;default&#8221; animation_style=&#8221;slide&#8221; animation_delay=&#8221;2600ms&#8221; animation_intensity_slide=&#8221;100%&#8221; global_colors_info=&#8221;{}&#8221;][et_pb_image src=&#8221;\/wp-content\/uploads\/2024\/08\/Logo-lecta.png&#8221; alt=&#8221;Comisi\u00f3n de regulaci\u00f3n de Ener\u00eda y Gas&#8221; title_text=&#8221;Logo lecta&#8221; _builder_version=&#8221;4.23.1&#8243; _module_preset=&#8221;default&#8221; background_color=&#8221;#FFFFFF&#8221; width=&#8221;150px&#8221; width_tablet=&#8221;400px&#8221; width_phone=&#8221;300px&#8221; width_last_edited=&#8221;on|tablet&#8221; module_alignment_tablet=&#8221;center&#8221; module_alignment_phone=&#8221;center&#8221; module_alignment_last_edited=&#8221;on|tablet&#8221; global_colors_info=&#8221;{}&#8221;][\/et_pb_image][et_pb_text _builder_version=&#8221;4.23.1&#8243; _module_preset=&#8221;default&#8221; global_colors_info=&#8221;{}&#8221;]<\/p>\n<h3>LECTA<\/h3>\n<p><strong>Raz\u00f3n social:<\/strong><br \/>LECTA S.A.S.<\/p>\n<p><strong>NIT:<\/strong><br \/>806.003.042-7<\/p>\n<p><strong>Direcci\u00f3n:<\/strong><br \/>Carrera 44 No. 85-147<br \/>Barranquilla<\/p>\n<p><strong>Tel\u00e9fono:<\/strong><br \/>+57 (605) 373 7820)<\/p>\n<p>Direcci\u00f3n:<br \/>Calle 24A No. 4-91<br \/>Santa Marta<\/p>\n<p>Tel\u00e9fono:<br \/>+57 311 415 0971<\/p>\n<p>[\/et_pb_text][\/et_pb_column][et_pb_column type=&#8221;1_6&#8243; _builder_version=&#8221;4.18.0&#8243; _module_preset=&#8221;default&#8221; animation_style=&#8221;slide&#8221; animation_delay=&#8221;2900ms&#8221; animation_intensity_slide=&#8221;100%&#8221; global_colors_info=&#8221;{}&#8221;][\/et_pb_column][\/et_pb_row][et_pb_row column_structure=&#8221;1_6,1_6,1_6,1_6,1_6,1_6&#8243; _builder_version=&#8221;4.23.1&#8243; _module_preset=&#8221;default&#8221; global_colors_info=&#8221;{}&#8221;][et_pb_column _builder_version=&#8221;4.27.4&#8243; _module_preset=&#8221;default&#8221; type=&#8221;1_6&#8243;][et_pb_image src=&#8221;\/wp-content\/uploads\/2024\/08\/Logo-Discol-1.jpg&#8221; alt=&#8221;Superintendencia de industria y comercio&#8221; title_text=&#8221;Logo Discol 1&#8243; _builder_version=&#8221;4.23.1&#8243; _module_preset=&#8221;default&#8221; background_color=&#8221;#FFFFFF&#8221; width=&#8221;150px&#8221; width_tablet=&#8221;400px&#8221; width_phone=&#8221;300px&#8221; width_last_edited=&#8221;on|tablet&#8221; global_colors_info=&#8221;{}&#8221;][\/et_pb_image][et_pb_text _builder_version=&#8221;4.23.1&#8243; _module_preset=&#8221;default&#8221; locked=&#8221;off&#8221; global_colors_info=&#8221;{}&#8221;]<\/p>\n<h3>DISCOL<\/h3>\n<p><strong>Raz\u00f3n social:<\/strong><br \/>DISE\u00d1OS Y CONSTRUCCIONES DE COLOMBIA S.A.S.<\/p>\n<p><strong>NIT:<\/strong><br \/>806.006.017-6<\/p>\n<p><strong>Direcci\u00f3n:<\/strong><br \/>Cra. 39 No. 56-49<br \/>Barranquilla<\/p>\n<p><strong>Tel\u00e9fono:<\/strong><br \/>+57 310 516 9013<\/p>\n<p>[\/et_pb_text][\/et_pb_column][et_pb_column _builder_version=&#8221;4.27.4&#8243; _module_preset=&#8221;default&#8221; type=&#8221;1_6&#8243;][\/et_pb_column][et_pb_column _builder_version=&#8221;4.27.4&#8243; _module_preset=&#8221;default&#8221; type=&#8221;1_6&#8243;][et_pb_image src=&#8221;\/wp-content\/uploads\/2024\/08\/Logo-Estrategia-empresarial-AG.png&#8221; alt=&#8221;Superservicios&#8221; title_text=&#8221;Logo Estrategia empresarial AG&#8221; _builder_version=&#8221;4.23.1&#8243; _module_preset=&#8221;default&#8221; background_color=&#8221;#FFFFFF&#8221; width=&#8221;150px&#8221; width_tablet=&#8221;400px&#8221; width_phone=&#8221;300px&#8221; width_last_edited=&#8221;on|tablet&#8221; global_colors_info=&#8221;{}&#8221;][\/et_pb_image][et_pb_text _builder_version=&#8221;4.23.1&#8243; _module_preset=&#8221;default&#8221; locked=&#8221;off&#8221; global_colors_info=&#8221;{}&#8221; custom_margin=&#8221;|-24px||||&#8221;]<\/p>\n<h3>ESTRATEGIA EMPRESARIAL<\/h3>\n<p><strong>Raz\u00f3n social:<\/strong><br \/>ESTRATEGIA EMPRESARIAL AG S.A.S.<\/p>\n<p><strong>NIT:<\/strong><br \/>900.358.640-6<\/p>\n<p><strong>Direcci\u00f3n:<\/strong><br \/>Cra. 61 No. 74-95<br \/>Barranquilla<\/p>\n<p><strong>Tel\u00e9fono:<\/strong><br \/>+57 (605) 377 0110<\/p>\n<p>[\/et_pb_text][\/et_pb_column][et_pb_column type=&#8221;1_6&#8243; _builder_version=&#8221;4.18.0&#8243; _module_preset=&#8221;default&#8221; animation_style=&#8221;slide&#8221; animation_delay=&#8221;2300ms&#8221; animation_intensity_slide=&#8221;100%&#8221; global_colors_info=&#8221;{}&#8221;][\/et_pb_column][et_pb_column type=&#8221;1_6&#8243; _builder_version=&#8221;4.18.0&#8243; _module_preset=&#8221;default&#8221; animation_style=&#8221;slide&#8221; animation_delay=&#8221;2600ms&#8221; animation_intensity_slide=&#8221;100%&#8221; global_colors_info=&#8221;{}&#8221;][et_pb_image src=&#8221;\/wp-content\/uploads\/2025\/07\/liquitty-1.jpg&#8221; alt=&#8221;Comisi\u00f3n de regulaci\u00f3n de Ener\u00eda y Gas&#8221; title_text=&#8221;liquitty&#8221; _builder_version=&#8221;4.27.4&#8243; _module_preset=&#8221;default&#8221; background_color=&#8221;#FFFFFF&#8221; width=&#8221;150px&#8221; width_tablet=&#8221;400px&#8221; width_phone=&#8221;300px&#8221; width_last_edited=&#8221;on|tablet&#8221; hover_enabled=&#8221;0&#8243; module_alignment_tablet=&#8221;center&#8221; module_alignment_phone=&#8221;center&#8221; module_alignment_last_edited=&#8221;on|tablet&#8221; global_colors_info=&#8221;{}&#8221; sticky_enabled=&#8221;0&#8243;][\/et_pb_image][et_pb_text _builder_version=&#8221;4.27.4&#8243; _module_preset=&#8221;default&#8221; global_colors_info=&#8221;{}&#8221;]<\/p>\n<h3><\/h3>\n<h3>LIQUITTY<\/h3>\n<p><strong>Raz\u00f3n social:<\/strong><br \/>GESTI S.A.S<\/p>\n<p><strong>NIT:<\/strong><br \/>805.030.106-0<\/p>\n<p><strong>Direcci\u00f3n:<\/strong><br \/>Avenida 6a Norte No. 23N-41<br \/>Cali<\/p>\n<p><strong>Tel\u00e9fono:<\/strong><br \/>+57 (324) 1000 443<\/p>\n<p>[\/et_pb_text][\/et_pb_column][et_pb_column type=&#8221;1_6&#8243; _builder_version=&#8221;4.18.0&#8243; _module_preset=&#8221;default&#8221; animation_style=&#8221;slide&#8221; animation_delay=&#8221;2900ms&#8221; animation_intensity_slide=&#8221;100%&#8221; global_colors_info=&#8221;{}&#8221;][\/et_pb_column][\/et_pb_row][et_pb_row column_structure=&#8221;1_4,1_4,1_4,1_4&#8243; _builder_version=&#8221;4.23.1&#8243; _module_preset=&#8221;default&#8221; global_colors_info=&#8221;{}&#8221;][et_pb_column _builder_version=&#8221;4.27.4&#8243; _module_preset=&#8221;default&#8221; type=&#8221;1_4&#8243;][et_pb_image src=&#8221;\/wp-content\/uploads\/2025\/06\/americas_BPS_Logo_1.png&#8221; alt=&#8221;Comisi\u00f3n de regulaci\u00f3n de Ener\u00eda y Gas&#8221; title_text=&#8221;americas_BPS_Logo_1&#8243; _builder_version=&#8221;4.27.4&#8243; _module_preset=&#8221;default&#8221; background_color=&#8221;#FFFFFF&#8221; width=&#8221;150px&#8221; width_tablet=&#8221;400px&#8221; width_phone=&#8221;300px&#8221; width_last_edited=&#8221;on|tablet&#8221; module_alignment_tablet=&#8221;center&#8221; module_alignment_phone=&#8221;center&#8221; module_alignment_last_edited=&#8221;on|tablet&#8221; global_colors_info=&#8221;{}&#8221;][\/et_pb_image][et_pb_text _builder_version=&#8221;4.27.4&#8243; _module_preset=&#8221;default&#8221; width=&#8221;100%&#8221; custom_margin=&#8221;|75px||||&#8221; global_colors_info=&#8221;{}&#8221;]<\/p>\n<h4>AMERICAS BPS<\/h4>\n<p><strong>Raz\u00f3n social:<\/strong><br \/>AMERICAS BUSINESS PROCESS SERVICES S.A<\/p>\n<p><strong>NIT:<\/strong><br \/>830.126.395-7<\/p>\n<p><strong>Direcci\u00f3n:<\/strong><br \/>Av. El Dorado # 90 -10, Bogot\u00e1 D.C<\/p>\n<p><strong>Tel\u00e9fono:<\/strong><br \/>+57 (601) 425 1700<\/p>\n<p>[\/et_pb_text][\/et_pb_column][et_pb_column type=&#8221;1_4&#8243; _builder_version=&#8221;4.18.0&#8243; _module_preset=&#8221;default&#8221; animation_style=&#8221;slide&#8221; animation_delay=&#8221;2300ms&#8221; animation_intensity_slide=&#8221;100%&#8221; global_colors_info=&#8221;{}&#8221;][\/et_pb_column][et_pb_column type=&#8221;1_4&#8243; _builder_version=&#8221;4.18.0&#8243; _module_preset=&#8221;default&#8221; animation_style=&#8221;slide&#8221; animation_delay=&#8221;2600ms&#8221; animation_intensity_slide=&#8221;100%&#8221; global_colors_info=&#8221;{}&#8221;][\/et_pb_column][et_pb_column type=&#8221;1_4&#8243; _builder_version=&#8221;4.18.0&#8243; _module_preset=&#8221;default&#8221; animation_style=&#8221;slide&#8221; animation_delay=&#8221;2900ms&#8221; animation_intensity_slide=&#8221;100%&#8221; global_colors_info=&#8221;{}&#8221;][\/et_pb_column][\/et_pb_row][\/et_pb_section]<\/p>\n","protected":false},"excerpt":{"rendered":"<p>Directorio aliados de cobranzaSe\u00f1or usuario, en esta pagina puede encontrar informaci\u00f3n de nuestros gestores de cobranza autorizados para contactarlo.Directorio aliados de cobranzaNEXA Raz\u00f3n social:VENTAS Y SERVICIOS S.A. NIT:860.050.420-4 Direcci\u00f3n:Carrera 22 # 168-84,Bogot\u00e1 D.C Tel\u00e9fono:+57 (601) 7420800AECSA Raz\u00f3n social:AECSA S.A.S. NIT:830.059.718-5 Direcci\u00f3n:Av. de las Am\u00e9ricas No. 46-41,Bogot\u00e1 D.C. Tel\u00e9fono:+57 (601) 742 0719)LECTA Raz\u00f3n social:LECTA S.A.S. NIT:806.003.042-7 [&hellip;]<\/p>\n","protected":false},"author":25,"featured_media":0,"parent":0,"menu_order":0,"comment_status":"closed","ping_status":"closed","template":"","meta":{"_et_pb_use_builder":"on","_et_pb_old_content":"","_et_gb_content_width":"","footnotes":""},"ppma_author":[54],"class_list":["post-26414","page","type-page","status-publish","hentry"],"publishpress_future_action":{"enabled":false,"date":"2026-04-29 06:55:29","action":"change-status","newStatus":"draft","terms":[],"taxonomy":"author","extraData":[]},"publishpress_future_workflow_manual_trigger":{"enabledWorkflows":[]},"_links":{"self":[{"href":"https:\/\/az-app-prod-webgascaribe.azurewebsites.net\/en\/wp-json\/wp\/v2\/pages\/26414","targetHints":{"allow":["GET"]}}],"collection":[{"href":"https:\/\/az-app-prod-webgascaribe.azurewebsites.net\/en\/wp-json\/wp\/v2\/pages"}],"about":[{"href":"https:\/\/az-app-prod-webgascaribe.azurewebsites.net\/en\/wp-json\/wp\/v2\/types\/page"}],"author":[{"embeddable":true,"href":"https:\/\/az-app-prod-webgascaribe.azurewebsites.net\/en\/wp-json\/wp\/v2\/users\/25"}],"replies":[{"embeddable":true,"href":"https:\/\/az-app-prod-webgascaribe.azurewebsites.net\/en\/wp-json\/wp\/v2\/comments?post=26414"}],"version-history":[{"count":30,"href":"https:\/\/az-app-prod-webgascaribe.azurewebsites.net\/en\/wp-json\/wp\/v2\/pages\/26414\/revisions"}],"predecessor-version":[{"id":42895,"href":"https:\/\/az-app-prod-webgascaribe.azurewebsites.net\/en\/wp-json\/wp\/v2\/pages\/26414\/revisions\/42895"}],"wp:attachment":[{"href":"https:\/\/az-app-prod-webgascaribe.azurewebsites.net\/en\/wp-json\/wp\/v2\/media?parent=26414"}],"wp:term":[{"taxonomy":"author","embeddable":true,"href":"https:\/\/az-app-prod-webgascaribe.azurewebsites.net\/en\/wp-json\/wp\/v2\/ppma_author?post=26414"}],"curies":[{"name":"wp","href":"https:\/\/api.w.org\/{rel}","templated":true}]}}