{"id":2978,"date":"2022-09-20T17:06:41","date_gmt":"2022-09-20T22:06:41","guid":{"rendered":"http:\/\/az-app-qas-webgc.azurewebsites.net\/?page_id=2978"},"modified":"2025-07-21T16:46:05","modified_gmt":"2025-07-21T21:46:05","slug":"productos-y-servicios","status":"publish","type":"page","link":"https:\/\/az-app-prod-webgascaribe.azurewebsites.net\/en\/productos-y-servicios\/","title":{"rendered":"Productos y Servicios\ufffc"},"content":{"rendered":"<p>[et_pb_section fb_built=&#8221;1&#8243; _builder_version=&#8221;4.17.6&#8243; _module_preset=&#8221;default&#8221; background_enable_color=&#8221;off&#8221; background_image=&#8221;\/wp-content\/uploads\/2022\/08\/Banner-4-e1660337396808.jpg&#8221; height=&#8221;600px&#8221; custom_padding=&#8221;128px|||||&#8221; da_disable_devices=&#8221;off|off|off&#8221; global_colors_info=&#8221;{}&#8221; da_is_popup=&#8221;off&#8221; da_exit_intent=&#8221;off&#8221; da_has_close=&#8221;on&#8221; da_alt_close=&#8221;off&#8221; da_dark_close=&#8221;off&#8221; da_not_modal=&#8221;on&#8221; da_is_singular=&#8221;off&#8221; da_with_loader=&#8221;off&#8221; da_has_shadow=&#8221;on&#8221;][et_pb_row column_structure=&#8221;1_2,1_2&#8243; _builder_version=&#8221;4.18.0&#8243; _module_preset=&#8221;default&#8221; width_tablet=&#8221;100%&#8221; width_phone=&#8221;100%&#8221; width_last_edited=&#8221;on|tablet&#8221; custom_margin=&#8221;56px|auto||auto||&#8221; custom_margin_tablet=&#8221;56px|auto||auto||&#8221; custom_margin_phone=&#8221;64px|auto||auto|false|false&#8221; custom_margin_last_edited=&#8221;on|phone&#8221; global_colors_info=&#8221;{}&#8221;][et_pb_column type=&#8221;1_2&#8243; _builder_version=&#8221;4.17.6&#8243; _module_preset=&#8221;default&#8221; global_colors_info=&#8221;{}&#8221;][et_pb_text _builder_version=&#8221;4.18.0&#8243; _module_preset=&#8221;default&#8221; text_text_color=&#8221;#FFFFFF&#8221; header_font=&#8221;|700|||||||&#8221; header_text_color=&#8221;#FFFFFF&#8221; header_font_size=&#8221;35px&#8221; width=&#8221;126.2%&#8221; width_tablet=&#8221;80%&#8221; width_phone=&#8221;80%&#8221; width_last_edited=&#8221;on|tablet&#8221; custom_margin=&#8221;|-62px||||&#8221; custom_margin_tablet=&#8221;|-62px||50px|false|false&#8221; custom_margin_phone=&#8221;|-62px||50px|false|false&#8221; custom_margin_last_edited=&#8221;on|tablet&#8221; animation_style=&#8221;slide&#8221; animation_direction=&#8221;left&#8221; animation_intensity_slide=&#8221;100%&#8221; global_colors_info=&#8221;{}&#8221;]<\/p>\n<div class=\"et_pb_fullwidth_header_container left\">\n<div class=\"header-content-container center\">\n<div class=\"header-content\">\n<h1 class=\"et_pb_module_header\">Productos y Servicios<\/h1>\n<div class=\"et_pb_header_content_wrapper\"><\/div>\n<\/div>\n<\/div>\n<\/div>\n<p>[\/et_pb_text][\/et_pb_column][et_pb_column type=&#8221;1_2&#8243; _builder_version=&#8221;4.17.6&#8243; _module_preset=&#8221;default&#8221; global_colors_info=&#8221;{}&#8221;][\/et_pb_column][\/et_pb_row][\/et_pb_section][et_pb_section fb_built=&#8221;1&#8243; _builder_version=&#8221;4.18.0&#8243; _module_preset=&#8221;default&#8221; background_color=&#8221;RGBA(255,255,255,0)&#8221; background_image=&#8221;\/wp-content\/uploads\/2022\/07\/Recurso-7-2.png&#8221; height=&#8221;200px&#8221; custom_margin=&#8221;-189px|||||&#8221; da_disable_devices=&#8221;off|off|off&#8221; global_colors_info=&#8221;{}&#8221; da_is_popup=&#8221;off&#8221; da_exit_intent=&#8221;off&#8221; da_has_close=&#8221;on&#8221; da_alt_close=&#8221;off&#8221; da_dark_close=&#8221;off&#8221; da_not_modal=&#8221;on&#8221; da_is_singular=&#8221;off&#8221; da_with_loader=&#8221;off&#8221; da_has_shadow=&#8221;on&#8221;][\/et_pb_section][et_pb_section fb_built=&#8221;1&#8243; _builder_version=&#8221;4.18.0&#8243; _module_preset=&#8221;default&#8221; da_disable_devices=&#8221;off|off|off&#8221; global_colors_info=&#8221;{}&#8221; da_is_popup=&#8221;off&#8221; da_exit_intent=&#8221;off&#8221; da_has_close=&#8221;on&#8221; da_alt_close=&#8221;off&#8221; da_dark_close=&#8221;off&#8221; da_not_modal=&#8221;on&#8221; da_is_singular=&#8221;off&#8221; da_with_loader=&#8221;off&#8221; da_has_shadow=&#8221;on&#8221;][et_pb_row _builder_version=&#8221;4.18.0&#8243; _module_preset=&#8221;default&#8221; width_tablet=&#8221;&#8221; width_phone=&#8221;&#8221; width_last_edited=&#8221;on|phone&#8221; global_colors_info=&#8221;{}&#8221; width__hover_enabled=&#8221;off|desktop&#8221;][et_pb_column type=&#8221;4_4&#8243; _builder_version=&#8221;4.18.0&#8243; _module_preset=&#8221;default&#8221; global_colors_info=&#8221;{}&#8221;][et_pb_text _builder_version=&#8221;4.23.1&#8243; _module_preset=&#8221;default&#8221; text_font=&#8221;|700|||||||&#8221; text_text_color=&#8221;#244B95&#8243; text_font_size=&#8221;30px&#8221; header_2_text_color=&#8221;#244B95&#8243; text_orientation=&#8221;center&#8221; global_colors_info=&#8221;{}&#8221;]<\/p>\n<h2>Acceso a la red de distribuci\u00f3n por tuber\u00eda<\/h2>\n<p>[\/et_pb_text][et_pb_text _builder_version=&#8221;4.18.0&#8243; _module_preset=&#8221;default&#8221; text_text_color=&#8221;#1D1E1B&#8221; text_orientation=&#8221;justified&#8221; global_colors_info=&#8221;{}&#8221;]<\/p>\n<p>El art\u00edculo 90 de la Resoluci\u00f3n CREG 057 de 1996 establece que los distribuidores deber\u00e1n ofrecer la posibilidad de celebrar un contrato de conexi\u00f3n de acceso al sistema de distribuci\u00f3n, determinando las previsiones m\u00ednimas que el mismo debe contener a solicitud de un comercializador, un transportador, otro distribuidor o un gran consumidor:<\/p>\n<p>\u201cART. 90.\u2014Contratos de conexi\u00f3n de acceso a un sistema de distribuci\u00f3n. Sin perjuicio de las excepciones previstas para \u00e1reas de servicio exclusivo, a solicitud de un comercializador, un transportador, otro distribuidor o un gran consumidor, los distribuidores deber\u00e1n ofrecer la posibilidad de celebrar un contrato de conexi\u00f3n de acceso al sistema de distribuci\u00f3n, o de modificar una conexi\u00f3n existente, que contendr\u00e1, por lo menos, las siguientes previsiones:<br \/>a)\u2003Construcci\u00f3n de las obras que puedan requerirse para conectarse al sistema de distribuci\u00f3n y celebraci\u00f3n de los actos o contratos necesarios para ello. Las condiciones t\u00e9cnicas de la conexi\u00f3n deben sujetarse al c\u00f3digo de distribuci\u00f3n y reglamentos vigentes;<br \/>b)\u2003Instalaci\u00f3n de los medidores apropiados, de los equipos u otros aparatos que puedan necesitarse para permitir al distribuidor medir e interrumpir el suministro o ventas a trav\u00e9s de la conexi\u00f3n;<br \/>c)\u2003La fecha en la cual se completar\u00e1n los trabajos requeridos para permitir el acceso al sistema del distribuidor; fecha a partir de la cual, si los trabajos no est\u00e1n concluidos, se configura el incumplimiento del contrato, y, consecuentemente, podr\u00e1 constituirse en mora al distribuidor, sin que medie requerimiento judicial, conforme a lo establecido en la Ley 142 de 1994;<br \/>d)\u2003Materias adicionales tales como plazo del contrato, revisiones del mismo por cambios del sistema, garant\u00edas financieras y otros aspectos que se estimen conducentes para garantizar el fiel cumplimiento del contrato.<br \/>Los cargos de conexi\u00f3n que deber\u00e1 pagar el solicitante al distribuidor, se sujetar\u00e1n a las bases de los cargos de conexi\u00f3n que haya elaborado este \u00faltimo.<br \/>Cuando el comercializador, el gran consumidor, el transportador, o el distribuidor sea propietario del sistema de conexi\u00f3n no pagar\u00e1 cargos por este concepto\u201d.<\/p>\n<p>&nbsp;<\/p>\n<p>\u201cLa solicitud de cotizaci\u00f3n para el acceso a la red del distribuidor debe contener toda la informaci\u00f3n que permita al distribuidor elaborar su oferta en un plazo m\u00e1ximo de tres (3) meses, a partir del recibo de dicha petici\u00f3n.<br \/>La oferta para conexi\u00f3n del distribuidor contendr\u00e1 detalladamente los siguientes aspectos:<br \/>a)\u2003La capacidad de transporte disponible en el punto de acceso al sistema.<br \/>b)\u2003Los cargos que ser\u00edan aplicables si se acepta la propuesta y la fecha en la cual se terminar\u00e1n las obras, si hubiere lugar a ellas;<br \/>Si las obras de ampliaci\u00f3n benefician, en principio, \u00fanicamente al solicitante, \u00e9ste podr\u00e1 suscribir un contrato para asumir el costo o para que se le permita ejecutarlas conforme al dise\u00f1o aprobado por el distribuidor. Pero si dentro de los cinco a\u00f1os siguientes a la conexi\u00f3n, otros usuarios se benefician de ella, pagar\u00e1n los costos correspondientes y el usuario que la solicit\u00f3 tendr\u00e1 derecho a una devoluci\u00f3n proporcional de lo que hubiere pagado.<br \/>El distribuidor no estar\u00e1 obligado a presentar una oferta si con ello viola el c\u00f3digo de distribuci\u00f3n o cualquier otra norma de car\u00e1cter t\u00e9cnico o ambiental de forzoso cumplimiento, previa justificaci\u00f3n de su negativa. (art\u00edculo 91 de la Resoluci\u00f3n CREG 57 de 1996)<\/p>\n<p>El Sistema de Distribuci\u00f3n es una red interconectada e interdependiente donde la actividad de uno de los agentes que interviene en el proceso de Distribuci\u00f3n puede afectar los derechos de otro u otros agentes y, por tanto, la coordinaci\u00f3n de este Sistema de Distribuci\u00f3n tiene como principal objetivo preservar el inter\u00e9s com\u00fan de LA EMPRESA y el agente que accede a la red de Distribuci\u00f3n de acuerdo con las condiciones establecidas por LA EMPRESA en el Contrato de Acceso de Terceros a la Red (ATR), el C\u00f3digo de Distribuci\u00f3n, el Reglamento \u00danico de Transporte vigentes y todas las dem\u00e1s normas que resulten aplicables.<\/p>\n<p><a href=\"\/wp-content\/uploads\/2022\/09\/RESOLUCION-067-DE-1995.docx\" role=\"link\">En este link puede consultar la Resoluci\u00f3n CREG 067 de 1995<\/a><span>\u00a0<\/span>incluidas sus modificaciones y\/o adiciones, a trav\u00e9s de la que la Comisi\u00f3n de Regulaci\u00f3n de Energ\u00eda y Gas estableci\u00f3 el C\u00f3digo de Distribuci\u00f3n de Gas Combustible por Redes:<\/p>\n<p>Para solicitar el servicio de acceso a la red de distribuci\u00f3n es requisito indispensable que el agente o usuario interesado presente a LA EMPRESA la(s) certificaci\u00f3n(es) de disponibilidad del suministro del gas natural y de la capacidad de transporte de gas natural emitidas por el agente respectivo, seg\u00fan los contratos suscritos por \u00e9l, hasta cada Punto de Entrada y que demuestre que con la disponibilidad de suministro del gas natural y de capacidad de transporte cubre la totalidad de la demanda de sus usuarios. Esta informaci\u00f3n deber\u00e1 anexarse a la solicitud de conexi\u00f3n de acceso que se haga.<\/p>\n<p>[\/et_pb_text][et_pb_text _builder_version=&#8221;4.23.1&#8243; _module_preset=&#8221;default&#8221; text_font=&#8221;|700|||||||&#8221; text_text_color=&#8221;#244B95&#8243; text_font_size=&#8221;30px&#8221; text_line_height=&#8221;1.1em&#8221; header_2_text_color=&#8221;#244B95&#8243; text_orientation=&#8221;center&#8221; global_colors_info=&#8221;{}&#8221;]<\/p>\n<h2>Proceso de solicitud para acceso a la red de distribuci\u00f3n por tuber\u00eda<\/h2>\n<p>[\/et_pb_text][et_pb_text _builder_version=&#8221;4.23.1&#8243; _module_preset=&#8221;default&#8221; text_text_color=&#8221;#1D1E1B&#8221; text_orientation=&#8221;justified&#8221; custom_margin=&#8221;||||false|false&#8221; global_colors_info=&#8221;{}&#8221;]<\/p>\n<p>Documento ATR (Acceso de Terceros a la Red), contrato a formalizar entre Gascaribe y cualquier Comercializador que requiera atender alg\u00fan usuario embebido en la red de distribuci\u00f3n de Gases del Caribe.<\/p>\n<p><a href=\"\/wp-content\/uploads\/2022\/09\/ATR.docx\" role=\"link\" target=\"_blank\" rel=\"noopener\">Descargar Documento ATR<\/a><\/p>\n<p>Carta de factibilidad, documento que deben enviar los usuarios industriales para conocer los requerimientos de suministro de gas. Con este documento, el Departamento de Ingenier\u00eda eval\u00faa que las redes de distribuci\u00f3n de la zona tengan la capacidad de cumplir con los requisitos del cliente y no afecte la estabilidad del sistema, as\u00ed como evaluar que el terreno donde est\u00e9 ubicado no sea riesgoso (arroyo, deslizamiento de tierra, etc). Este es el primer paso para la venta\/solicitud de un nuevo usuario de esta categor\u00eda. La respuesta a esta carta, por ley, se da en 15 d\u00edas h\u00e1biles.<\/p>\n<p><a href=\"\/wp-content\/uploads\/2022\/09\/Modelo-de-Carta-de-Factibilidad-Empresa.docx\" role=\"link\">Carta de Factibilidad<\/a><\/p>\n<p>[\/et_pb_text][et_pb_text _builder_version=&#8221;4.23.1&#8243; _module_preset=&#8221;default&#8221; text_font=&#8221;|700|||||||&#8221; text_text_color=&#8221;#244B95&#8243; text_font_size=&#8221;30px&#8221; text_line_height=&#8221;1.1em&#8221; header_text_color=&#8221;#244B95&#8243; header_2_text_color=&#8221;#244B95&#8243; text_orientation=&#8221;center&#8221; global_colors_info=&#8221;{}&#8221;]<\/p>\n<h2>Informaci\u00f3n para el Usuario<\/h2>\n<p>[\/et_pb_text][et_pb_text _builder_version=&#8221;4.18.0&#8243; _module_preset=&#8221;default&#8221; global_colors_info=&#8221;{}&#8221;]<\/p>\n<div class=\"et_pb_module et_pb_text et_pb_text_5  et_pb_text_align_left et_pb_bg_layout_light\">\n<div class=\"et_pb_text_inner\">\n<h5><span lang=\"ES-MX\">Informaci\u00f3n, Requisitos y Procedimiento para el Cambio de Comercializador<\/span><\/h5>\n<\/div>\n<\/div>\n<div class=\"et_pb_button_module_wrapper et_pb_button_2_wrapper  et_pb_module \"><\/div>\n<p>[\/et_pb_text][et_pb_button button_url=&#8221;http:\/\/az-app-qas-webgc.azurewebsites.net\/solicitud-de-servicios\/&#8221; button_text=&#8221;Cambio de comercializador&#8221; _builder_version=&#8221;4.18.0&#8243; _module_preset=&#8221;default&#8221; custom_button=&#8221;on&#8221; button_text_size=&#8221;13px&#8221; button_text_color=&#8221;#FFFFFF&#8221; button_bg_color=&#8221;#244B95&#8243; button_border_width=&#8221;10px&#8221; button_border_color=&#8221;RGBA(255,255,255,0)&#8221; global_colors_info=&#8221;{}&#8221;][\/et_pb_button][et_pb_text _builder_version=&#8221;4.27.4&#8243; _module_preset=&#8221;default&#8221; global_colors_info=&#8221;{}&#8221;]<\/p>\n<div class=\"et_pb_module et_pb_text et_pb_text_5  et_pb_text_align_left et_pb_bg_layout_light\">\n<div class=\"et_pb_text_inner\">\n<h5><span lang=\"ES-MX\">Pol\u00edtica de Separaci\u00f3n de Factura<\/span><\/h5>\n<\/div>\n<\/div>\n<div class=\"et_pb_button_module_wrapper et_pb_button_2_wrapper  et_pb_module \"><\/div>\n<p>[\/et_pb_text][et_pb_button button_url=&#8221;https:\/\/gascaribe.com\/wp-content\/uploads\/2025\/07\/Separacion-de-Factura-pagina-web.pdf&#8221; button_text=&#8221;Cambio de pol\u00edtica de separaci\u00f3n de factura&#8221; _builder_version=&#8221;4.27.4&#8243; _module_preset=&#8221;default&#8221; custom_button=&#8221;on&#8221; button_text_size=&#8221;13px&#8221; button_text_color=&#8221;#FFFFFF&#8221; button_bg_color=&#8221;#244B95&#8243; button_border_width=&#8221;10px&#8221; button_border_color=&#8221;RGBA(255,255,255,0)&#8221; global_colors_info=&#8221;{}&#8221;][\/et_pb_button][et_pb_text _builder_version=&#8221;4.18.0&#8243; _module_preset=&#8221;default&#8221; header_5_text_color=&#8221;#1D1E1B&#8221; global_colors_info=&#8221;{}&#8221;]<\/p>\n<div class=\"et_pb_module et_pb_text et_pb_text_5  et_pb_text_align_left et_pb_bg_layout_light\">\n<div class=\"et_pb_text_inner\">\n<h5>A continuaci\u00f3n los links para consultar los procedimientos para adquirir el servicio de gas natural:<\/h5>\n<\/div>\n<\/div>\n<div class=\"et_pb_button_module_wrapper et_pb_button_2_wrapper  et_pb_module \"><\/div>\n<p>[\/et_pb_text][et_pb_button button_url=&#8221;http:\/\/az-app-qas-webgc.azurewebsites.net\/solicitud-de-servicios\/&#8221; button_text=&#8221;Residenciales y Comerciales&#8221; _builder_version=&#8221;4.18.0&#8243; _module_preset=&#8221;default&#8221; custom_button=&#8221;on&#8221; button_text_size=&#8221;13px&#8221; button_text_color=&#8221;#FFFFFF&#8221; button_bg_color=&#8221;#244B95&#8243; button_border_width=&#8221;10px&#8221; button_border_color=&#8221;RGBA(255,255,255,0)&#8221; global_colors_info=&#8221;{}&#8221;][\/et_pb_button][et_pb_button button_url=&#8221;http:\/\/az-app-qas-webgc.azurewebsites.net\/servicios-para-industria\/&#8221; button_text=&#8221;Industriales&#8221; _builder_version=&#8221;4.18.0&#8243; _module_preset=&#8221;default&#8221; custom_button=&#8221;on&#8221; button_text_size=&#8221;13px&#8221; button_text_color=&#8221;#FFFFFF&#8221; button_bg_color=&#8221;#244B95&#8243; button_border_width=&#8221;10px&#8221; button_border_color=&#8221;RGBA(255,255,255,0)&#8221; global_colors_info=&#8221;{}&#8221;][\/et_pb_button][et_pb_text _builder_version=&#8221;4.23.1&#8243; _module_preset=&#8221;default&#8221; text_font=&#8221;|700|||||||&#8221; text_text_color=&#8221;#244B95&#8243; text_font_size=&#8221;30px&#8221; text_line_height=&#8221;1.1em&#8221; header_2_text_color=&#8221;#244B95&#8243; text_orientation=&#8221;center&#8221; global_colors_info=&#8221;{}&#8221;]<\/p>\n<h2>Tarifas<\/h2>\n<p>[\/et_pb_text][et_pb_text _builder_version=&#8221;4.27.4&#8243; _module_preset=&#8221;default&#8221; hover_enabled=&#8221;0&#8243; global_colors_info=&#8221;{}&#8221; sticky_enabled=&#8221;0&#8243;]<\/p>\n<h3><span style=\"color: #244b95;\"><strong>Reconexiones<\/strong><\/span><\/h3>\n<table style=\"width: 540px;\" height=\"142\">\n<tbody>\n<tr>\n<td style=\"width: 377.125px;\"><strong>Tarifas<\/strong><\/td>\n<td style=\"width: 149.275px;\"><strong>\u00a0 2025<\/strong><\/td>\n<\/tr>\n<tr>\n<td style=\"width: 377.125px;\">Reconexi\u00f3n por Medidor<\/td>\n<td style=\"width: 149.275px;\">$62.657<\/td>\n<\/tr>\n<tr>\n<td style=\"width: 377.125px;\">Reconexi\u00f3n por Elevador<\/td>\n<td style=\"width: 149.275px;\">$78.322<\/td>\n<\/tr>\n<tr>\n<td style=\"width: 377.125px;\">Reconexi\u00f3n por Acometida<\/td>\n<td style=\"width: 149.275px;\">$311.860<\/td>\n<\/tr>\n<\/tbody>\n<\/table>\n<h3><span style=\"color: #244b95;\"><strong>Reparaciones<\/strong><\/span><\/h3>\n<table width=\"543\" height=\"83\" style=\"height: 97px; width: 546px;\">\n<tbody>\n<tr style=\"height: 34px;\">\n<td style=\"width: 375.275px; height: 34px;\"><strong>Tarifa\u00a0 \u00a0<\/strong><\/td>\n<td style=\"width: 157.125px; height: 34px;\"><strong>\u00a0 \u00a02025<\/strong><\/td>\n<\/tr>\n<tr style=\"height: 34px;\">\n<td style=\"width: 375.275px; height: 34px;\">Reparaci\u00f3n o modificaci\u00f3n por violaci\u00f3n de la suspensi\u00f3n<\/td>\n<td style=\"width: 157.125px; height: 34px;\">\u00a0$24.060<\/td>\n<\/tr>\n<\/tbody>\n<\/table>\n<h3><strong><span style=\"color: #244b95;\">Visitas T\u00e9cnicas<\/span><\/strong><\/h3>\n<table style=\"height: 158px; width: 554px;\">\n<tbody>\n<tr style=\"height: 34px;\">\n<td style=\"width: 379.275px; height: 34px;\"><strong>Tarifa\u00a0 \u00a0<\/strong><\/td>\n<td style=\"width: 161.125px;\"><strong>\u00a0 2025<\/strong><\/td>\n<\/tr>\n<tr style=\"height: 48px;\">\n<td style=\"height: 48px; width: 379.275px;\">Visita T\u00e9cnica de Normalizaci\u00f3n Conexi\u00f3n Irregular<\/td>\n<td style=\"height: 48px; width: 161.125px;\"><strong>$597.623<\/strong><\/td>\n<\/tr>\n<tr style=\"height: 24px;\">\n<td style=\"width: 379.275px; height: 24px;\">Visita T\u00e9cnica y Certificaci\u00f3n del Medidor<\/td>\n<td style=\"width: 161.125px; height: 24px;\"><strong>$850.906<\/strong><\/td>\n<\/tr>\n<tr style=\"height: 24px;\">\n<td style=\"height: 24px; width: 379.275px;\">Visita T\u00e9cnica<\/td>\n<td style=\"height: 24px; width: 161.125px;\"><strong>$298.811<\/strong><\/td>\n<\/tr>\n<\/tbody>\n<\/table>\n<p>&nbsp;<\/p>\n<p>[\/et_pb_text][\/et_pb_column][\/et_pb_row][\/et_pb_section][et_pb_section fb_built=&#8221;1&#8243; _builder_version=&#8221;4.17.6&#8243; _module_preset=&#8221;default&#8221; background_color=&#8221;#fcfcfc&#8221; background_image=&#8221;\/wp-content\/uploads\/2022\/08\/Home-7-e1660165492952.png&#8221; height=&#8221;200px&#8221; da_disable_devices=&#8221;off|off|off&#8221; global_colors_info=&#8221;{}&#8221; da_is_popup=&#8221;off&#8221; da_exit_intent=&#8221;off&#8221; da_has_close=&#8221;on&#8221; da_alt_close=&#8221;off&#8221; da_dark_close=&#8221;off&#8221; da_not_modal=&#8221;on&#8221; da_is_singular=&#8221;off&#8221; da_with_loader=&#8221;off&#8221; da_has_shadow=&#8221;on&#8221;][\/et_pb_section]<\/p>\n","protected":false},"excerpt":{"rendered":"<p>Productos y Servicios Acceso a la red de distribuci\u00f3n por tuber\u00edaEl art\u00edculo 90 de la Resoluci\u00f3n CREG 057 de 1996 establece que los distribuidores deber\u00e1n ofrecer la posibilidad de celebrar un contrato de conexi\u00f3n de acceso al sistema de distribuci\u00f3n, determinando las previsiones m\u00ednimas que el mismo debe contener a solicitud de un comercializador, un [&hellip;]<\/p>\n","protected":false},"author":1,"featured_media":0,"parent":0,"menu_order":0,"comment_status":"closed","ping_status":"closed","template":"","meta":{"_et_pb_use_builder":"on","_et_pb_old_content":"","_et_gb_content_width":"","footnotes":""},"ppma_author":[50],"class_list":["post-2978","page","type-page","status-publish","hentry"],"publishpress_future_action":{"enabled":false,"date":"2026-04-29 06:49:34","action":"change-status","newStatus":"draft","terms":[],"taxonomy":"author","extraData":[]},"publishpress_future_workflow_manual_trigger":{"enabledWorkflows":[]},"_links":{"self":[{"href":"https:\/\/az-app-prod-webgascaribe.azurewebsites.net\/en\/wp-json\/wp\/v2\/pages\/2978","targetHints":{"allow":["GET"]}}],"collection":[{"href":"https:\/\/az-app-prod-webgascaribe.azurewebsites.net\/en\/wp-json\/wp\/v2\/pages"}],"about":[{"href":"https:\/\/az-app-prod-webgascaribe.azurewebsites.net\/en\/wp-json\/wp\/v2\/types\/page"}],"author":[{"embeddable":true,"href":"https:\/\/az-app-prod-webgascaribe.azurewebsites.net\/en\/wp-json\/wp\/v2\/users\/1"}],"replies":[{"embeddable":true,"href":"https:\/\/az-app-prod-webgascaribe.azurewebsites.net\/en\/wp-json\/wp\/v2\/comments?post=2978"}],"version-history":[{"count":26,"href":"https:\/\/az-app-prod-webgascaribe.azurewebsites.net\/en\/wp-json\/wp\/v2\/pages\/2978\/revisions"}],"predecessor-version":[{"id":43958,"href":"https:\/\/az-app-prod-webgascaribe.azurewebsites.net\/en\/wp-json\/wp\/v2\/pages\/2978\/revisions\/43958"}],"wp:attachment":[{"href":"https:\/\/az-app-prod-webgascaribe.azurewebsites.net\/en\/wp-json\/wp\/v2\/media?parent=2978"}],"wp:term":[{"taxonomy":"author","embeddable":true,"href":"https:\/\/az-app-prod-webgascaribe.azurewebsites.net\/en\/wp-json\/wp\/v2\/ppma_author?post=2978"}],"curies":[{"name":"wp","href":"https:\/\/api.w.org\/{rel}","templated":true}]}}